{"id":12474,"date":"2026-02-08T10:26:58","date_gmt":"2026-02-08T10:26:58","guid":{"rendered":"https:\/\/www.orderflow.pl\/?page_id=12474"},"modified":"2026-02-08T10:33:43","modified_gmt":"2026-02-08T10:33:43","slug":"polityka-prywatnosci","status":"publish","type":"page","link":"https:\/\/www.orderflow.pl\/index.php\/polityka-prywatnosci\/","title":{"rendered":"Polityka Prywatno\u015bci"},"content":{"rendered":"<p>[et_pb_section fb_built=&#8221;1&#8243; next_background_color=&#8221;#ffffff&#8221; _builder_version=&#8221;4.16&#8243; background_color=&#8221;rgba(0,0,0,0.71)&#8221; background_image=&#8221;https:\/\/www.orderflow.pl\/wp-content\/uploads\/2026\/02\/2756.jpg&#8221; background_position=&#8221;bottom_center&#8221; background_blend=&#8221;darken&#8221; custom_padding=&#8221;||100px|&#8221; bottom_divider_style=&#8221;slant2&#8243; bottom_divider_flip=&#8221;horizontal&#8221; global_colors_info=&#8221;{}&#8221; theme_builder_area=&#8221;post_content&#8221;][et_pb_row _builder_version=&#8221;4.16&#8243; custom_margin=&#8221;-20px|||&#8221; global_colors_info=&#8221;{}&#8221; theme_builder_area=&#8221;post_content&#8221;][et_pb_column type=&#8221;4_4&#8243; _builder_version=&#8221;4.16&#8243; custom_padding=&#8221;|||&#8221; global_colors_info=&#8221;{}&#8221; custom_padding__hover=&#8221;|||&#8221; theme_builder_area=&#8221;post_content&#8221;][et_pb_text _builder_version=&#8221;4.18.0&#8243; text_font=&#8221;||||||||&#8221; text_font_size=&#8221;18px&#8221; header_font=&#8221;|700|||||||&#8221; header_text_align=&#8221;center&#8221; header_text_color=&#8221;#ffffff&#8221; header_font_size=&#8221;76px&#8221; header_2_font=&#8221;|700|||||||&#8221; header_2_font_size=&#8221;66px&#8221; header_3_font=&#8221;|600|||||||&#8221; header_3_font_size=&#8221;56px&#8221; header_4_font=&#8221;Open Sans Condensed|700|||||||&#8221; header_4_text_align=&#8221;center&#8221; header_4_font_size=&#8221;47px&#8221; header_5_font=&#8221;Open Sans Condensed|700|||||||&#8221; header_5_font_size=&#8221;36px&#8221; header_6_font=&#8221;Open Sans Condensed|700|||||||&#8221; header_6_font_size=&#8221;26px&#8221; text_font_size_tablet=&#8221;&#8221; text_font_size_phone=&#8221;&#8221; text_font_size_last_edited=&#8221;on|phone&#8221; header_font_size_tablet=&#8221;&#8221; header_font_size_phone=&#8221;38px&#8221; header_font_size_last_edited=&#8221;on|phone&#8221; header_2_font_size_tablet=&#8221;&#8221; header_2_font_size_phone=&#8221;41px&#8221; header_2_font_size_last_edited=&#8221;on|phone&#8221; header_3_font_size_tablet=&#8221;&#8221; header_3_font_size_phone=&#8221;30px&#8221; header_3_font_size_last_edited=&#8221;on|phone&#8221; header_4_font_size_tablet=&#8221;&#8221; header_4_font_size_phone=&#8221;30px&#8221; header_4_font_size_last_edited=&#8221;on|phone&#8221; header_5_font_size_tablet=&#8221;&#8221; header_5_font_size_phone=&#8221;26px&#8221; header_5_font_size_last_edited=&#8221;on|phone&#8221; header_6_font_size_tablet=&#8221;&#8221; header_6_font_size_phone=&#8221;21px&#8221; header_6_font_size_last_edited=&#8221;on|phone&#8221; saved_tabs=&#8221;all&#8221; global_colors_info=&#8221;{}&#8221; theme_builder_area=&#8221;post_content&#8221;]<\/p>\n<h2 style=\"text-align: center;\"><span style=\"color: #ffffff;\">Polityka Prywatno\u015bci<\/span><\/h2>\n<h6 style=\"text-align: center;\"><span style=\"color: #ffffff;\">Przeczytaj to dla \u015bwi\u0119tego spokoju<\/span><\/h6>\n<p>[\/et_pb_text][\/et_pb_column][\/et_pb_row][\/et_pb_section][et_pb_section fb_built=&#8221;1&#8243; _builder_version=&#8221;4.16&#8243; global_colors_info=&#8221;{}&#8221; theme_builder_area=&#8221;post_content&#8221;][et_pb_row _builder_version=&#8221;4.16&#8243; background_size=&#8221;initial&#8221; background_position=&#8221;top_left&#8221; background_repeat=&#8221;repeat&#8221; global_colors_info=&#8221;{}&#8221; theme_builder_area=&#8221;post_content&#8221;][et_pb_column type=&#8221;4_4&#8243; _builder_version=&#8221;4.16&#8243; custom_padding=&#8221;|||&#8221; global_colors_info=&#8221;{}&#8221; custom_padding__hover=&#8221;|||&#8221; theme_builder_area=&#8221;post_content&#8221;][et_pb_text _builder_version=&#8221;4.16&#8243; global_colors_info=&#8221;{}&#8221; theme_builder_area=&#8221;post_content&#8221;]<\/p>\n<h1><span style=\"font-size: 48px;\">Polityka prywatno\u015bci<\/span><\/h1>\n<hr \/>\n<p>1. Korzystaj\u0105c w jakikolwiek spos\u00f3b z Serwisu znajduj\u0105cego si\u0119 pod domen\u0105 orderflow.pl (i subdomenach), akceptujesz zasady zawarte w Polityce prywatno\u015bci znajduj\u0105cej si\u0119 na niniejszej stronie.<\/p>\n<p>2. Administratorem danych osobowych jest firma GUDARET O\u00dc, b\u0119d\u0105ca w\u0142a\u015bcicielem serwisu pod domen\u0105 orderflow.pl oraz ich subdomen.<\/p>\n<p>3. Ka\u017cd\u0105 osob\u0119 korzystaj\u0105c\u0105 w jakikolwiek spos\u00f3b z materia\u0142\u00f3w pod domen\u0105 orderflow.pl (i subdomenach) obowi\u0105zuje aktualna Polityka prywatno\u015bci. Je\u015bli nie zgadzasz si\u0119 z nasz\u0105 Polityk\u0105 prywatno\u015bci, prosz\u0119 nie odwiedzaj stron pod domen\u0105 orderflow.pl (i subdomen), nie rejestruj si\u0119 w naszym systemie i nie udost\u0119pniaj nam \u017cadnych danych dotycz\u0105cych Twojej osoby.<\/p>\n<p>4. Zastrzegamy sobie prawo do wprowadzania zmian w Polityce prywatno\u015bci.<\/p>\n<p>5. Administrator, za po\u015brednictwem Serwisu oraz innych form komunikacji zbiera i przetwarza dane osobowe U\u017cytkownik\u00f3w przekazywane podczas proces\u00f3w rejestracji w Serwisie takie jak: imi\u0119 i nazwisko, adres zamieszkania, adres e-mail, numer telefonu, adres IP.<\/p>\n<p>6. Nasza baza danych osobowych oraz adres\u00f3w email jest zarejestrowana w Active Campaigne oraz MailerLite co gwarantuje Ci ich pe\u0142ne bezpiecze\u0144stwo i ich przechowywanie zgodnie z obowi\u0105zuj\u0105cymi przepisami.<\/p>\n<p>7. Przetwarzanie Pa\u0144stwa danych osobowych pozwala nam na \u015bwiadczenie us\u0142ug m.in. utrzymanie Pa\u0144stwa konta, realizowania zam\u00f3wie\u0144, kontakt zwi\u0105zany z wykonaniem umowy, a tak\u017ce przesy\u0142anie informacji marketingowych (w tym newslettera). Informacje filtrujemy tak, aby\u015b nigdy nie otrzyma\u0142 informacji, kt\u00f3ra nie by\u0142aby dla Ciebie potencjalnie interesuj\u0105ca. Zawsze oczywi\u015bcie masz prawo do usuni\u0119cia swoich danych. W tym celu nale\u017cy klikn\u0105\u0107 w link wypisania, kt\u00f3ry znajduje si\u0119 w ka\u017cdej takiej wiadomo\u015bci email w stopce.<\/p>\n<p><span>8. W celu nale\u017cytej realizacji powy\u017cszych us\u0142ug, w tym kontakt\u00f3w zwi\u0105zanych z wykonaniem umowy oraz organizacji szkole\u0144, Administrator mo\u017ce powierzy\u0107 przetwarzanie Pa\u0144stwa danych osobowych (imi\u0119, nazwisko, adres email, numer telefonu) podmiotom wsp\u00f3\u0142pracuj\u0105cym, takim jak podmioty \u015bwiadcz\u0105ce us\u0142ugi szkoleniowe lub marketingowe. Udost\u0119pnienie danych nast\u0119puje wy\u0142\u0105cznie w zakresie niezb\u0119dnym do \u015bwiadczenia us\u0142ug na Pa\u0144stwa rzecz, na podstawie um\u00f3w powierzenia przetwarzania danych zgodnych z RODO.<\/span><\/p>\n<p>9. Dane osobowe na przetwarzanie, kt\u00f3rych wyrazili Pa\u0144stwo zgod\u0119 b\u0119d\u0105 przechowywane do czasu cofni\u0119cia przez Pa\u0144stwa zgody oraz na czas zgodny z obowi\u0105zuj\u0105cymi przepisami z uwzgl\u0119dnieniem przedawnienia roszcze\u0144 oraz zobowi\u0105za\u0144 podatkowych.<\/p>\n<p>10. U\u017cytkownik w ka\u017cdej chwili ma prawo wgl\u0105du i zmiany swoich danych osobowych, a tak\u017ce \u017c\u0105dania od Administratora niezw\u0142ocznego ich usuni\u0119cia (\u201eprawo do zapomnienia\u201d).<\/p>\n<p>11. \u017b\u0105dania z zakresu przetwarzania danych osobowych mog\u0105 Pa\u0144stwo zg\u0142asza\u0107 mailowo na adres info@orderflow.pl.<\/p>\n<p>12. Twoje dane osobowe mog\u0105 by\u0107 przekazywane operatorom p\u0142atno\u015bci, firmie kurierskiej lub ekspertom, kt\u00f3rzy prowadz\u0105 u nas szkolenia oraz kursy.<\/p>\n<p>13. Administrator zobowi\u0105zuje si\u0119 do do\u0142o\u017cenia stara\u0144 w celu zachowania nale\u017cytego zabezpieczenia danych osobowych Klienta.<\/p>\n<p>14. Maj\u0105 Pa\u0144stwo prawo wniesienia skargi do organu nadzorczego zajmuj\u0105cego si\u0119 ochron\u0105 danych osobowych \u2013 Prezesa Urz\u0119du Ochrony Danych Osobowych.<\/p>\n<p>15. Przetwarzamy dane na podstawie og\u00f3lnego rozporz\u0105dzenia o ochronie danych (GDPR\/RODO).<\/p>\n<p>16. W sprawach nieuregulowanych regulaminem zastosowanie maj\u0105 postanowienia Kodeksu cywilnego i odpowiednich ustaw prawa polskiego, a tak\u017ce prawa Unii Europejskiej, w szczeg\u00f3lno\u015bci RODO (Rozporz\u0105dzenie Parlamentu Europejskiego i Rady (UE) 2016\/679 z dnia 27 kwietnia 2016 r. w sprawie ochrony os\u00f3b fizycznych w zwi\u0105zku z przetwarzaniem danych osobowych i w sprawie swobodnego przep\u0142ywu takich danych oraz uchylenia dyrektywy 95\/46\/WE).<\/p>\n<p style=\"text-align: justify;\">\n<p>[\/et_pb_text][\/et_pb_column][\/et_pb_row][\/et_pb_section]<\/p>\n","protected":false},"excerpt":{"rendered":"<p>Polityka Prywatno\u015bci Przeczytaj to dla \u015bwi\u0119tego spokoju Polityka prywatno\u015bci 1. Korzystaj\u0105c w jakikolwiek spos\u00f3b z Serwisu znajduj\u0105cego si\u0119 pod domen\u0105 orderflow.pl (i subdomenach), akceptujesz zasady zawarte w Polityce prywatno\u015bci znajduj\u0105cej si\u0119 na niniejszej stronie. 2. Administratorem danych osobowych jest firma GUDARET O\u00dc, b\u0119d\u0105ca w\u0142a\u015bcicielem serwisu pod domen\u0105 orderflow.pl oraz ich subdomen. 3. Ka\u017cd\u0105 osob\u0119 korzystaj\u0105c\u0105 [&hellip;]<\/p>\n","protected":false},"author":1,"featured_media":0,"parent":0,"menu_order":0,"comment_status":"closed","ping_status":"closed","template":"","meta":{"_et_pb_use_builder":"on","_et_pb_old_content":"","_et_gb_content_width":"","footnotes":""},"class_list":["post-12474","page","type-page","status-publish","hentry"],"_links":{"self":[{"href":"https:\/\/www.orderflow.pl\/index.php\/wp-json\/wp\/v2\/pages\/12474","targetHints":{"allow":["GET"]}}],"collection":[{"href":"https:\/\/www.orderflow.pl\/index.php\/wp-json\/wp\/v2\/pages"}],"about":[{"href":"https:\/\/www.orderflow.pl\/index.php\/wp-json\/wp\/v2\/types\/page"}],"author":[{"embeddable":true,"href":"https:\/\/www.orderflow.pl\/index.php\/wp-json\/wp\/v2\/users\/1"}],"replies":[{"embeddable":true,"href":"https:\/\/www.orderflow.pl\/index.php\/wp-json\/wp\/v2\/comments?post=12474"}],"version-history":[{"count":3,"href":"https:\/\/www.orderflow.pl\/index.php\/wp-json\/wp\/v2\/pages\/12474\/revisions"}],"predecessor-version":[{"id":12483,"href":"https:\/\/www.orderflow.pl\/index.php\/wp-json\/wp\/v2\/pages\/12474\/revisions\/12483"}],"wp:attachment":[{"href":"https:\/\/www.orderflow.pl\/index.php\/wp-json\/wp\/v2\/media?parent=12474"}],"curies":[{"name":"wp","href":"https:\/\/api.w.org\/{rel}","templated":true}]}}